{"id":139,"date":"2021-11-14T19:41:10","date_gmt":"2021-11-14T18:41:10","guid":{"rendered":"https:\/\/mikropilot.rs\/?page_id=139"},"modified":"2021-12-25T21:13:43","modified_gmt":"2021-12-25T20:13:43","slug":"prijava","status":"publish","type":"page","link":"https:\/\/mikropilot.rs\/en\/prijava\/","title":{"rendered":"Prijava"},"content":{"rendered":"<p>[et_pb_section fb_built=&#8220;1&#8243; _builder_version=&#8220;4.13.1&#8243; _module_preset=&#8220;default&#8220; global_colors_info=&#8220;{}&#8220;][et_pb_row _builder_version=&#8220;4.13.1&#8243; _module_preset=&#8220;default&#8220; global_colors_info=&#8220;{}&#8220;][et_pb_column type=&#8220;4_4&#8243; _builder_version=&#8220;4.13.1&#8243; _module_preset=&#8220;default&#8220; global_colors_info=&#8220;{}&#8220;][et_pb_image src=&#8220;https:\/\/mikropilot.rs\/wordpress\/wp-content\/uploads\/2021\/11\/mikropilot-tehnika-samovodjstva-naslov.png&#8220; title_text=&#8220;mikropilot tehnika samovodjstva naslov&#8220; align=&#8220;center&#8220; _builder_version=&#8220;4.13.1&#8243; _module_preset=&#8220;default&#8220; global_colors_info=&#8220;{}&#8220;][\/et_pb_image][\/et_pb_column][\/et_pb_row][\/et_pb_section][et_pb_section fb_built=&#8220;1&#8243; module_id=&#8220;tehnika&#8220; _builder_version=&#8220;4.13.1&#8243; _module_preset=&#8220;default&#8220; background_color=&#8220;#29303A&#8220; global_colors_info=&#8220;{}&#8220;][et_pb_row column_structure=&#8220;3_5,2_5&#8243; _builder_version=&#8220;4.13.1&#8243; _module_preset=&#8220;default&#8220; max_width=&#8220;1280px&#8220; max_width_tablet=&#8220;1280px&#8220; max_width_phone=&#8220;1280px&#8220; max_width_last_edited=&#8220;on|desktop&#8220; global_colors_info=&#8220;{}&#8220;][et_pb_column type=&#8220;3_5&#8243; _builder_version=&#8220;4.11.2&#8243; _module_preset=&#8220;default&#8220; global_colors_info=&#8220;{}&#8220;][et_pb_text _builder_version=&#8220;4.13.1&#8243; _module_preset=&#8220;default&#8220; header_2_font=&#8220;|800|||||||&#8220; header_2_text_color=&#8220;#DCC39A&#8220; header_2_font_size=&#8220;36px&#8220; header_3_font=&#8220;|800|||||||&#8220; header_3_text_color=&#8220;#DCC39A&#8220; background_layout=&#8220;dark&#8220; header_2_font_size_tablet=&#8220;36px&#8220; header_2_font_size_phone=&#8220;36px&#8220; header_2_font_size_last_edited=&#8220;on|desktop&#8220; header_3_line_height_tablet=&#8220;&#8220; header_3_line_height_phone=&#8220;1.2em&#8220; header_3_line_height_last_edited=&#8220;on|phone&#8220; global_colors_info=&#8220;{}&#8220;]<\/p>\n<h3>We are glad that you decided to take this step, and decided to progress both personally and professionally.<\/h3>\n<p>Our consultant will be at your disposal for the first and initial free consultation lasting 30 minutes, when you share with us the following basic information for the start of our joint, and we believe, fruitful work:<\/p>\n<p>[\/et_pb_text][et_pb_contact_form use_spam_service=&#8220;on&#8220; recaptcha_list=&#8220;mikropilotrs|mikropilotrs-0&#8243; email=&#8220;hello@mikropilot.rs&#8220; custom_message=&#8220;Email prijave sa sajta Mikropilot.rs||et_pb_line_break_holder||||et_pb_line_break_holder||Ime i prezime: %%Ime%%||et_pb_line_break_holder||Godina ro\u0111enja: %%Godi\u0161te%%||et_pb_line_break_holder||Profesija ili interesovanje: %%Profesija%%||et_pb_line_break_holder||Email adresa: %%Email%%||et_pb_line_break_holder||LinkedIN: %%Linkedin%%||et_pb_line_break_holder||Instagram: %%Instagram%%||et_pb_line_break_holder||Telefon: %%Telefon%%||et_pb_line_break_holder||||et_pb_line_break_holder||\u0160ta Vam je danas pri\u010dinilo najve\u0107e zadovoljstvo? ||et_pb_line_break_holder||%%Pitanje%%&#8220; use_redirect=&#8220;on&#8220; redirect_url=&#8220;\/hvala-ti\/&#8220; submit_button_text=&#8220;PO\u0160ALJI&#8220; _builder_version=&#8220;4.14.4&#8243; _module_preset=&#8220;default&#8220; _unique_id=&#8220;2f8da7e7-58f6-4fed-ad77-ea76b0520b08&#8243; form_field_background_color=&#8220;#DCC39A&#8220; form_field_text_color=&#8220;#29303A&#8220; form_field_font=&#8220;||||||||&#8220; form_field_font_size=&#8220;16px&#8220; form_field_line_height=&#8220;1.8em&#8220; custom_button=&#8220;on&#8220; button_text_size=&#8220;18px&#8220; button_text_color=&#8220;#4C318E&#8220; button_bg_color=&#8220;#DCC39A&#8220; button_border_width=&#8220;0px&#8220; button_font=&#8220;|800|||||||&#8220; button_icon=&#8220;&#x24;||divi||400&#8243; button_custom_padding=&#8220;10px|20px|5px|20px|false|false&#8220; hover_enabled=&#8220;0&#8243; global_colors_info=&#8220;{}&#8220; sticky_enabled=&#8220;0&#8243;][et_pb_contact_field field_id=&#8220;Ime&#8220; field_title=&#8220;Ime i prezime *&#8220; fullwidth_field=&#8220;on&#8220; _builder_version=&#8220;4.13.1&#8243; global_colors_info=&#8220;{}&#8220; button_text_size__hover_enabled=&#8220;off&#8220; button_one_text_size__hover_enabled=&#8220;off&#8220; button_two_text_size__hover_enabled=&#8220;off&#8220; button_text_color__hover_enabled=&#8220;off&#8220; button_one_text_color__hover_enabled=&#8220;off&#8220; button_two_text_color__hover_enabled=&#8220;off&#8220; button_border_width__hover_enabled=&#8220;off&#8220; button_one_border_width__hover_enabled=&#8220;off&#8220; button_two_border_width__hover_enabled=&#8220;off&#8220; button_border_color__hover_enabled=&#8220;off&#8220; button_one_border_color__hover_enabled=&#8220;off&#8220; button_two_border_color__hover_enabled=&#8220;off&#8220; button_border_radius__hover_enabled=&#8220;off&#8220; button_one_border_radius__hover_enabled=&#8220;off&#8220; button_two_border_radius__hover_enabled=&#8220;off&#8220; button_letter_spacing__hover_enabled=&#8220;off&#8220; button_one_letter_spacing__hover_enabled=&#8220;off&#8220; button_two_letter_spacing__hover_enabled=&#8220;off&#8220; button_bg_color__hover_enabled=&#8220;off&#8220; button_one_bg_color__hover_enabled=&#8220;off&#8220; button_two_bg_color__hover_enabled=&#8220;off&#8220;][\/et_pb_contact_field][et_pb_contact_field field_id=&#8220;Godi\u0161te&#8220; field_title=&#8220;Godina ro\u0111enja *&#8220; allowed_symbols=&#8220;numbers&#8220; _builder_version=&#8220;4.13.1&#8243; _module_preset=&#8220;default&#8220; global_colors_info=&#8220;{}&#8220;][\/et_pb_contact_field][et_pb_contact_field field_id=&#8220;Profesija&#8220; field_title=&#8220;Profesija ili interesovanje *&#8220; _builder_version=&#8220;4.13.1&#8243; _module_preset=&#8220;default&#8220; global_colors_info=&#8220;{}&#8220;][\/et_pb_contact_field][et_pb_contact_field field_id=&#8220;Email&#8220; field_title=&#8220;Adresa e-po\u0161te *&#8220; field_type=&#8220;email&#8220; _builder_version=&#8220;4.13.1&#8243; global_colors_info=&#8220;{}&#8220; button_text_size__hover_enabled=&#8220;off&#8220; button_one_text_size__hover_enabled=&#8220;off&#8220; button_two_text_size__hover_enabled=&#8220;off&#8220; button_text_color__hover_enabled=&#8220;off&#8220; button_one_text_color__hover_enabled=&#8220;off&#8220; button_two_text_color__hover_enabled=&#8220;off&#8220; button_border_width__hover_enabled=&#8220;off&#8220; button_one_border_width__hover_enabled=&#8220;off&#8220; button_two_border_width__hover_enabled=&#8220;off&#8220; button_border_color__hover_enabled=&#8220;off&#8220; button_one_border_color__hover_enabled=&#8220;off&#8220; button_two_border_color__hover_enabled=&#8220;off&#8220; button_border_radius__hover_enabled=&#8220;off&#8220; button_one_border_radius__hover_enabled=&#8220;off&#8220; button_two_border_radius__hover_enabled=&#8220;off&#8220; button_letter_spacing__hover_enabled=&#8220;off&#8220; button_one_letter_spacing__hover_enabled=&#8220;off&#8220; button_two_letter_spacing__hover_enabled=&#8220;off&#8220; button_bg_color__hover_enabled=&#8220;off&#8220; button_one_bg_color__hover_enabled=&#8220;off&#8220; button_two_bg_color__hover_enabled=&#8220;off&#8220;][\/et_pb_contact_field][et_pb_contact_field field_id=&#8220;Linkedin&#8220; field_title=&#8220;LinkedIN profila&#8220; required_mark=&#8220;off&#8220; _builder_version=&#8220;4.13.1&#8243; _module_preset=&#8220;default&#8220; global_colors_info=&#8220;{}&#8220;][\/et_pb_contact_field][et_pb_contact_field field_id=&#8220;Instagram&#8220; field_title=&#8220;Naziv Instagram profila&#8220; required_mark=&#8220;off&#8220; _builder_version=&#8220;4.13.1&#8243; _module_preset=&#8220;default&#8220; global_colors_info=&#8220;{}&#8220;][\/et_pb_contact_field][et_pb_contact_field field_id=&#8220;Telefon&#8220; field_title=&#8220;Broj telefona&#8220; allowed_symbols=&#8220;numbers&#8220; required_mark=&#8220;off&#8220; _builder_version=&#8220;4.13.1&#8243; _module_preset=&#8220;default&#8220; global_colors_info=&#8220;{}&#8220;][\/et_pb_contact_field][et_pb_contact_field field_id=&#8220;Pitanje&#8220; field_title=&#8220;\u0160ta Vam je danas pri\u010dinilo najve\u0107e zadovoljstvo?&#8220; field_type=&#8220;text&#8220; required_mark=&#8220;off&#8220; fullwidth_field=&#8220;on&#8220; _builder_version=&#8220;4.14.4&#8243; hover_enabled=&#8220;0&#8243; global_colors_info=&#8220;{}&#8220; button_text_size__hover_enabled=&#8220;off&#8220; button_one_text_size__hover_enabled=&#8220;off&#8220; button_two_text_size__hover_enabled=&#8220;off&#8220; button_text_color__hover_enabled=&#8220;off&#8220; button_one_text_color__hover_enabled=&#8220;off&#8220; button_two_text_color__hover_enabled=&#8220;off&#8220; button_border_width__hover_enabled=&#8220;off&#8220; button_one_border_width__hover_enabled=&#8220;off&#8220; button_two_border_width__hover_enabled=&#8220;off&#8220; button_border_color__hover_enabled=&#8220;off&#8220; button_one_border_color__hover_enabled=&#8220;off&#8220; button_two_border_color__hover_enabled=&#8220;off&#8220; button_border_radius__hover_enabled=&#8220;off&#8220; button_one_border_radius__hover_enabled=&#8220;off&#8220; button_two_border_radius__hover_enabled=&#8220;off&#8220; button_letter_spacing__hover_enabled=&#8220;off&#8220; button_one_letter_spacing__hover_enabled=&#8220;off&#8220; button_two_letter_spacing__hover_enabled=&#8220;off&#8220; button_bg_color__hover_enabled=&#8220;off&#8220; button_one_bg_color__hover_enabled=&#8220;off&#8220; button_two_bg_color__hover_enabled=&#8220;off&#8220; sticky_enabled=&#8220;0&#8243;][\/et_pb_contact_field][\/et_pb_contact_form][\/et_pb_column][et_pb_column type=&#8220;2_5&#8243; _builder_version=&#8220;4.11.2&#8243; _module_preset=&#8220;default&#8220; global_colors_info=&#8220;{}&#8220;][et_pb_image src=&#8220;https:\/\/mikropilot.rs\/wordpress\/wp-content\/uploads\/2021\/11\/mikropilot-pilot.png&#8220; title_text=&#8220;mikropilot pilot&#8220; align=&#8220;center&#8220; _builder_version=&#8220;4.13.1&#8243; _module_preset=&#8220;default&#8220; global_colors_info=&#8220;{}&#8220;][\/et_pb_image][\/et_pb_column][\/et_pb_row][\/et_pb_section][et_pb_section fb_built=&#8220;1&#8243; _builder_version=&#8220;4.13.1&#8243; _module_preset=&#8220;default&#8220; background_enable_color=&#8220;off&#8220; use_background_color_gradient=&#8220;on&#8220; background_color_gradient_start=&#8220;#242e67&#8243; background_color_gradient_end=&#8220;#523082&#8243; background_color_gradient_direction=&#8220;90deg&#8220; background_image=&#8220;https:\/\/mikropilot.rs\/wordpress\/wp-content\/uploads\/2021\/11\/Zvezdice-300&#215;300.png&#8220; background_size=&#8220;contain&#8220; background_position=&#8220;center_left&#8220; background_last_edited=&#8220;on|phone&#8220; background_enable_image_phone=&#8220;off&#8220; locked=&#8220;off&#8220; global_colors_info=&#8220;{}&#8220;][et_pb_row _builder_version=&#8220;4.13.1&#8243; _module_preset=&#8220;default&#8220; global_colors_info=&#8220;{}&#8220;][et_pb_column type=&#8220;4_4&#8243; _builder_version=&#8220;4.13.1&#8243; _module_preset=&#8220;default&#8220; global_colors_info=&#8220;{}&#8220;][et_pb_text _builder_version=&#8220;4.14.4&#8243; _module_preset=&#8220;default&#8220; header_text_color=&#8220;#FFFFFF&#8220; header_2_font=&#8220;|600|||||||&#8220; header_2_text_align=&#8220;center&#8220; header_2_text_color=&#8220;#FFFFFF&#8220; header_2_font_size=&#8220;32px&#8220; header_3_font=&#8220;|800|||||||&#8220; header_3_text_align=&#8220;center&#8220; header_3_text_color=&#8220;#FFFFFF&#8220; hover_enabled=&#8220;0&#8243; header_2_font_size_tablet=&#8220;32px&#8220; header_2_font_size_phone=&#8220;32px&#8220; header_2_font_size_last_edited=&#8220;on|desktop&#8220; header_2_line_height_tablet=&#8220;&#8220; header_2_line_height_phone=&#8220;1.2em&#8220; header_2_line_height_last_edited=&#8220;on|phone&#8220; global_colors_info=&#8220;{}&#8220; sticky_enabled=&#8220;0&#8243;]<\/p>\n<h2>Back to Home Page<\/h2>\n<p>[\/et_pb_text][et_pb_button button_url=&#8220;\/&#8220; button_text=&#8220;PO\u010cETNA&#8220; button_alignment=&#8220;center&#8220; _builder_version=&#8220;4.13.1&#8243; _module_preset=&#8220;default&#8220; custom_button=&#8220;on&#8220; button_text_size=&#8220;18px&#8220; button_text_color=&#8220;#55338a&#8220; button_bg_color=&#8220;#DCC39A&#8220; button_border_width=&#8220;0px&#8220; button_font=&#8220;|800||on|||||&#8220; button_icon=&#8220;&#x24;||divi||400&#8243; custom_padding=&#8220;10px||||false|false&#8220; global_colors_info=&#8220;{}&#8220; button_custom_padding_tablet=&#8220;10px|30px|10px|30px|false|false&#8220; button_custom_padding_phone=&#8220;10px|30px|10px|30px|false|false&#8220; button_custom_padding_last_edited=&#8220;on|desktop&#8220;][\/et_pb_button][\/et_pb_column][\/et_pb_row][\/et_pb_section]<\/p>","protected":false},"excerpt":{"rendered":"<p>Drago nam je da si se odlu\u010dio\/la na ovaj korak, i re\u0161io\/la da napreduje\u0161 kako na li\u010dnom tako i na profesionalnom planu. Na\u0161 konsultant \u0107e ti biti na raspolaganju za prvu i inicijalnu besplatnu konsultaciju u trajanju od 30 minuta, kada podeli\u0161 sa nama slede\u0107e osnovne podatke za po\u010detak na\u0161eg zajedni\u010dkog, a verujemo i plodonosnog [&hellip;]<\/p>","protected":false},"author":1,"featured_media":0,"parent":0,"menu_order":2,"comment_status":"closed","ping_status":"closed","template":"page-template-blank.php","meta":{"_et_pb_use_builder":"on","_et_pb_old_content":"","_et_gb_content_width":"","footnotes":""},"class_list":["post-139","page","type-page","status-publish","hentry"],"yoast_head":"<!-- This site is optimized with the Yoast SEO plugin v24.8.1 - https:\/\/yoast.com\/wordpress\/plugins\/seo\/ -->\n<title>Prijava | Mikropilot<\/title>\n<meta name=\"robots\" content=\"index, follow, max-snippet:-1, max-image-preview:large, max-video-preview:-1\" \/>\n<link rel=\"canonical\" href=\"https:\/\/mikropilot.rs\/en\/prijava\/\" \/>\n<meta property=\"og:locale\" content=\"en_GB\" \/>\n<meta property=\"og:type\" content=\"article\" \/>\n<meta property=\"og:title\" content=\"Prijava | Mikropilot\" \/>\n<meta property=\"og:description\" content=\"Drago nam je da si se odlu\u010dio\/la na ovaj korak, i re\u0161io\/la da napreduje\u0161 kako na li\u010dnom tako i na profesionalnom planu. Na\u0161 konsultant \u0107e ti biti na raspolaganju za prvu i inicijalnu besplatnu konsultaciju u trajanju od 30 minuta, kada podeli\u0161 sa nama slede\u0107e osnovne podatke za po\u010detak na\u0161eg zajedni\u010dkog, a verujemo i plodonosnog [&hellip;]\" \/>\n<meta property=\"og:url\" content=\"https:\/\/mikropilot.rs\/en\/prijava\/\" \/>\n<meta property=\"og:site_name\" content=\"Mikropilot\" \/>\n<meta property=\"article:publisher\" content=\"https:\/\/www.facebook.com\/mikropilot\" \/>\n<meta property=\"article:modified_time\" content=\"2021-12-25T20:13:43+00:00\" \/>\n<meta name=\"twitter:card\" content=\"summary_large_image\" \/>\n<meta name=\"twitter:label1\" content=\"Estimated reading time\" \/>\n\t<meta name=\"twitter:data1\" content=\"7 minutes\" \/>\n<script type=\"application\/ld+json\" class=\"yoast-schema-graph\">{\"@context\":\"https:\/\/schema.org\",\"@graph\":[{\"@type\":\"WebPage\",\"@id\":\"https:\/\/mikropilot.rs\/prijava\/\",\"url\":\"https:\/\/mikropilot.rs\/prijava\/\",\"name\":\"Prijava | Mikropilot\",\"isPartOf\":{\"@id\":\"https:\/\/mikropilot.rs\/#website\"},\"datePublished\":\"2021-11-14T18:41:10+00:00\",\"dateModified\":\"2021-12-25T20:13:43+00:00\",\"breadcrumb\":{\"@id\":\"https:\/\/mikropilot.rs\/prijava\/#breadcrumb\"},\"inLanguage\":\"en-GB\",\"potentialAction\":[{\"@type\":\"ReadAction\",\"target\":[\"https:\/\/mikropilot.rs\/prijava\/\"]}]},{\"@type\":\"BreadcrumbList\",\"@id\":\"https:\/\/mikropilot.rs\/prijava\/#breadcrumb\",\"itemListElement\":[{\"@type\":\"ListItem\",\"position\":1,\"name\":\"Po\u010detna\",\"item\":\"https:\/\/mikropilot.rs\/\"},{\"@type\":\"ListItem\",\"position\":2,\"name\":\"Prijava\"}]},{\"@type\":\"WebSite\",\"@id\":\"https:\/\/mikropilot.rs\/#website\",\"url\":\"https:\/\/mikropilot.rs\/\",\"name\":\"Mikropilot.rs\",\"description\":\"Tehnika samovo\u0111stva\",\"publisher\":{\"@id\":\"https:\/\/mikropilot.rs\/#organization\"},\"potentialAction\":[{\"@type\":\"SearchAction\",\"target\":{\"@type\":\"EntryPoint\",\"urlTemplate\":\"https:\/\/mikropilot.rs\/?s={search_term_string}\"},\"query-input\":{\"@type\":\"PropertyValueSpecification\",\"valueRequired\":true,\"valueName\":\"search_term_string\"}}],\"inLanguage\":\"en-GB\"},{\"@type\":\"Organization\",\"@id\":\"https:\/\/mikropilot.rs\/#organization\",\"name\":\"Mikropilot.rs | Tehnika samovo\u0111stva\",\"url\":\"https:\/\/mikropilot.rs\/\",\"logo\":{\"@type\":\"ImageObject\",\"inLanguage\":\"en-GB\",\"@id\":\"https:\/\/mikropilot.rs\/#\/schema\/logo\/image\/\",\"url\":\"https:\/\/mikropilot.rs\/wordpress\/wp-content\/uploads\/2021\/11\/mikropilot-heder.png\",\"contentUrl\":\"https:\/\/mikropilot.rs\/wordpress\/wp-content\/uploads\/2021\/11\/mikropilot-heder.png\",\"width\":647,\"height\":603,\"caption\":\"Mikropilot.rs | Tehnika samovo\u0111stva\"},\"image\":{\"@id\":\"https:\/\/mikropilot.rs\/#\/schema\/logo\/image\/\"},\"sameAs\":[\"https:\/\/www.facebook.com\/mikropilot\",\"https:\/\/www.instagram.com\/mikropilot\/\",\"https:\/\/www.linkedin.com\/company\/80724620\/admin\/feed\/posts\/\"]}]}<\/script>\n<!-- \/ Yoast SEO plugin. -->","yoast_head_json":{"title":"Prijava | Mikropilot","robots":{"index":"index","follow":"follow","max-snippet":"max-snippet:-1","max-image-preview":"max-image-preview:large","max-video-preview":"max-video-preview:-1"},"canonical":"https:\/\/mikropilot.rs\/en\/prijava\/","og_locale":"en_GB","og_type":"article","og_title":"Prijava | Mikropilot","og_description":"Drago nam je da si se odlu\u010dio\/la na ovaj korak, i re\u0161io\/la da napreduje\u0161 kako na li\u010dnom tako i na profesionalnom planu. Na\u0161 konsultant \u0107e ti biti na raspolaganju za prvu i inicijalnu besplatnu konsultaciju u trajanju od 30 minuta, kada podeli\u0161 sa nama slede\u0107e osnovne podatke za po\u010detak na\u0161eg zajedni\u010dkog, a verujemo i plodonosnog [&hellip;]","og_url":"https:\/\/mikropilot.rs\/en\/prijava\/","og_site_name":"Mikropilot","article_publisher":"https:\/\/www.facebook.com\/mikropilot","article_modified_time":"2021-12-25T20:13:43+00:00","twitter_card":"summary_large_image","twitter_misc":{"Estimated reading time":"7 minutes"},"schema":{"@context":"https:\/\/schema.org","@graph":[{"@type":"WebPage","@id":"https:\/\/mikropilot.rs\/prijava\/","url":"https:\/\/mikropilot.rs\/prijava\/","name":"Prijava | Mikropilot","isPartOf":{"@id":"https:\/\/mikropilot.rs\/#website"},"datePublished":"2021-11-14T18:41:10+00:00","dateModified":"2021-12-25T20:13:43+00:00","breadcrumb":{"@id":"https:\/\/mikropilot.rs\/prijava\/#breadcrumb"},"inLanguage":"en-GB","potentialAction":[{"@type":"ReadAction","target":["https:\/\/mikropilot.rs\/prijava\/"]}]},{"@type":"BreadcrumbList","@id":"https:\/\/mikropilot.rs\/prijava\/#breadcrumb","itemListElement":[{"@type":"ListItem","position":1,"name":"Po\u010detna","item":"https:\/\/mikropilot.rs\/"},{"@type":"ListItem","position":2,"name":"Prijava"}]},{"@type":"WebSite","@id":"https:\/\/mikropilot.rs\/#website","url":"https:\/\/mikropilot.rs\/","name":"Mikropilot.rs","description":"Tehnika samovo\u0111stva","publisher":{"@id":"https:\/\/mikropilot.rs\/#organization"},"potentialAction":[{"@type":"SearchAction","target":{"@type":"EntryPoint","urlTemplate":"https:\/\/mikropilot.rs\/?s={search_term_string}"},"query-input":{"@type":"PropertyValueSpecification","valueRequired":true,"valueName":"search_term_string"}}],"inLanguage":"en-GB"},{"@type":"Organization","@id":"https:\/\/mikropilot.rs\/#organization","name":"Mikropilot.rs | Tehnika samovo\u0111stva","url":"https:\/\/mikropilot.rs\/","logo":{"@type":"ImageObject","inLanguage":"en-GB","@id":"https:\/\/mikropilot.rs\/#\/schema\/logo\/image\/","url":"https:\/\/mikropilot.rs\/wordpress\/wp-content\/uploads\/2021\/11\/mikropilot-heder.png","contentUrl":"https:\/\/mikropilot.rs\/wordpress\/wp-content\/uploads\/2021\/11\/mikropilot-heder.png","width":647,"height":603,"caption":"Mikropilot.rs | Tehnika samovo\u0111stva"},"image":{"@id":"https:\/\/mikropilot.rs\/#\/schema\/logo\/image\/"},"sameAs":["https:\/\/www.facebook.com\/mikropilot","https:\/\/www.instagram.com\/mikropilot\/","https:\/\/www.linkedin.com\/company\/80724620\/admin\/feed\/posts\/"]}]}},"_links":{"self":[{"href":"https:\/\/mikropilot.rs\/en\/wp-json\/wp\/v2\/pages\/139","targetHints":{"allow":["GET"]}}],"collection":[{"href":"https:\/\/mikropilot.rs\/en\/wp-json\/wp\/v2\/pages"}],"about":[{"href":"https:\/\/mikropilot.rs\/en\/wp-json\/wp\/v2\/types\/page"}],"author":[{"embeddable":true,"href":"https:\/\/mikropilot.rs\/en\/wp-json\/wp\/v2\/users\/1"}],"replies":[{"embeddable":true,"href":"https:\/\/mikropilot.rs\/en\/wp-json\/wp\/v2\/comments?post=139"}],"version-history":[{"count":16,"href":"https:\/\/mikropilot.rs\/en\/wp-json\/wp\/v2\/pages\/139\/revisions"}],"predecessor-version":[{"id":229,"href":"https:\/\/mikropilot.rs\/en\/wp-json\/wp\/v2\/pages\/139\/revisions\/229"}],"wp:attachment":[{"href":"https:\/\/mikropilot.rs\/en\/wp-json\/wp\/v2\/media?parent=139"}],"curies":[{"name":"wp","href":"https:\/\/api.w.org\/{rel}","templated":true}]}}